{"id":28,"date":"2026-02-24T03:07:47","date_gmt":"2026-02-24T03:07:47","guid":{"rendered":"https:\/\/acibes.com\/?page_id=28"},"modified":"2026-04-08T02:48:36","modified_gmt":"2026-04-08T02:48:36","slug":"inicio","status":"publish","type":"page","link":"https:\/\/acibes.com\/en\/","title":{"rendered":"Home"},"content":{"rendered":"<div data-elementor-type=\"wp-post\" data-elementor-id=\"28\" class=\"elementor elementor-28\">\n\t\t\t\t<div class=\"elementor-element elementor-element-e2e988a e-flex e-con-boxed e-con e-parent\" data-id=\"e2e988a\" data-element_type=\"container\" data-e-type=\"container\" data-settings=\"{&quot;background_background&quot;:&quot;video&quot;,&quot;background_video_link&quot;:&quot;https:\\\/\\\/youtu.be\\\/Bxd7vufdexM&quot;,&quot;background_play_on_mobile&quot;:&quot;yes&quot;}\">\n\t\t\t\t\t<div class=\"e-con-inner\">\n\t\t<div class=\"elementor-background-video-container\">\n\t\t\t\t\t\t\t<div class=\"elementor-background-video-embed\" role=\"presentation\"><\/div>\n\t\t\t\t\t\t<\/div>\t\t\t<\/div>\n\t\t\t\t<\/div>\n\t\t<div class=\"elementor-element elementor-element-17cdab5 e-flex e-con-boxed e-con e-parent\" data-id=\"17cdab5\" data-element_type=\"container\" data-e-type=\"container\" id=\"nosotros\" data-settings=\"{&quot;background_background&quot;:&quot;classic&quot;}\">\n\t\t\t\t\t<div class=\"e-con-inner\">\n\t\t<div class=\"elementor-element elementor-element-f9dd7d2 e-con-full e-flex e-con e-child\" data-id=\"f9dd7d2\" data-element_type=\"container\" data-e-type=\"container\">\n\t\t\t\t<div class=\"elementor-element elementor-element-7f65184 elementor-widget elementor-widget-spacer\" data-id=\"7f65184\" data-element_type=\"widget\" data-e-type=\"widget\" data-widget_type=\"spacer.default\">\n\t\t\t\t\t\t\t<div class=\"elementor-spacer\">\n\t\t\t<div class=\"elementor-spacer-inner\"><\/div>\n\t\t<\/div>\n\t\t\t\t\t\t<\/div>\n\t\t\t\t<div class=\"elementor-element elementor-element-526a826 elementor-widget elementor-widget-heading\" data-id=\"526a826\" data-element_type=\"widget\" data-e-type=\"widget\" data-widget_type=\"heading.default\">\n\t\t\t\t\t<h1 class=\"elementor-heading-title elementor-size-default\">About us<\/h1>\t\t\t\t<\/div>\n\t\t\t\t<div class=\"elementor-element elementor-element-6bf847c elementor-widget elementor-widget-text-editor\" data-id=\"6bf847c\" data-element_type=\"widget\" data-e-type=\"widget\" data-widget_type=\"text-editor.default\">\n\t\t\t\t\t\t\t\t\t<p>ACIBES is the Association of Biomedical Engineering College of El Salvador.<br data-start=\"228\" data-end=\"231\" \/>We promote the development of the guild through continuous training, links between professionals and institutions, and technical participation in initiatives that strengthen the health system.<\/p>\t\t\t\t\t\t\t\t<\/div>\n\t\t\t\t<\/div>\n\t\t\t\t\t<\/div>\n\t\t\t\t<\/div>\n\t\t<div class=\"elementor-element elementor-element-7b89a19 e-flex e-con-boxed e-con e-parent\" data-id=\"7b89a19\" data-element_type=\"container\" data-e-type=\"container\" data-settings=\"{&quot;background_background&quot;:&quot;classic&quot;}\">\n\t\t\t\t\t<div class=\"e-con-inner\">\n\t\t<div class=\"elementor-element elementor-element-ce0fd33 e-con-full e-flex e-con e-child\" data-id=\"ce0fd33\" data-element_type=\"container\" data-e-type=\"container\">\n\t\t\t\t<div class=\"elementor-element elementor-element-360b780 elementor-widget elementor-widget-image\" data-id=\"360b780\" data-element_type=\"widget\" data-e-type=\"widget\" data-widget_type=\"image.default\">\n\t\t\t\t\t\t\t\t\t\t\t\t\t\t\t<img fetchpriority=\"high\" decoding=\"async\" width=\"300\" height=\"300\" src=\"https:\/\/acibes.com\/wp-content\/uploads\/2026\/03\/A-quien-sirve-300x300.png\" class=\"attachment-medium size-medium wp-image-162\" alt=\"\" srcset=\"https:\/\/acibes.com\/wp-content\/uploads\/2026\/03\/A-quien-sirve-300x300.png 300w, https:\/\/acibes.com\/wp-content\/uploads\/2026\/03\/A-quien-sirve-1024x1024.png 1024w, https:\/\/acibes.com\/wp-content\/uploads\/2026\/03\/A-quien-sirve-150x150.png 150w, https:\/\/acibes.com\/wp-content\/uploads\/2026\/03\/A-quien-sirve-768x768.png 768w, https:\/\/acibes.com\/wp-content\/uploads\/2026\/03\/A-quien-sirve-1536x1536.png 1536w, https:\/\/acibes.com\/wp-content\/uploads\/2026\/03\/A-quien-sirve-600x600.png 600w, https:\/\/acibes.com\/wp-content\/uploads\/2026\/03\/A-quien-sirve-100x100.png 100w, https:\/\/acibes.com\/wp-content\/uploads\/2026\/03\/A-quien-sirve.png 2048w\" sizes=\"(max-width: 300px) 100vw, 300px\" \/>\t\t\t\t\t\t\t\t\t\t\t\t\t\t\t<\/div>\n\t\t\t\t<div class=\"elementor-element elementor-element-716f5f0 elementor-widget elementor-widget-heading\" data-id=\"716f5f0\" data-element_type=\"widget\" data-e-type=\"widget\" data-widget_type=\"heading.default\">\n\t\t\t\t\t<h3 class=\"elementor-heading-title elementor-size-default\">Who does it serve?<\/h3>\t\t\t\t<\/div>\n\t\t\t\t<div class=\"elementor-element elementor-element-6e84665 elementor-widget elementor-widget-text-editor\" data-id=\"6e84665\" data-element_type=\"widget\" data-e-type=\"widget\" data-widget_type=\"text-editor.default\">\n\t\t\t\t\t\t\t\t\t<p>Students, professionals and institutions related to biomedical engineering and medical technology.<\/p>\t\t\t\t\t\t\t\t<\/div>\n\t\t\t\t<\/div>\n\t\t<div class=\"elementor-element elementor-element-5b08181 e-con-full e-flex e-con e-child\" data-id=\"5b08181\" data-element_type=\"container\" data-e-type=\"container\">\n\t\t\t\t<div class=\"elementor-element elementor-element-e87d6ef elementor-widget elementor-widget-image\" data-id=\"e87d6ef\" data-element_type=\"widget\" data-e-type=\"widget\" data-widget_type=\"image.default\">\n\t\t\t\t\t\t\t\t\t\t\t\t\t\t\t<img decoding=\"async\" width=\"300\" height=\"164\" src=\"https:\/\/acibes.com\/wp-content\/uploads\/2026\/03\/Que-hacemos-300x164.png\" class=\"attachment-medium size-medium wp-image-161\" alt=\"\" srcset=\"https:\/\/acibes.com\/wp-content\/uploads\/2026\/03\/Que-hacemos-300x164.png 300w, https:\/\/acibes.com\/wp-content\/uploads\/2026\/03\/Que-hacemos-1024x559.png 1024w, https:\/\/acibes.com\/wp-content\/uploads\/2026\/03\/Que-hacemos-768x419.png 768w, https:\/\/acibes.com\/wp-content\/uploads\/2026\/03\/Que-hacemos-1536x838.png 1536w, https:\/\/acibes.com\/wp-content\/uploads\/2026\/03\/Que-hacemos-2048x1117.png 2048w, https:\/\/acibes.com\/wp-content\/uploads\/2026\/03\/Que-hacemos-600x327.png 600w\" sizes=\"(max-width: 300px) 100vw, 300px\" \/>\t\t\t\t\t\t\t\t\t\t\t\t\t\t\t<\/div>\n\t\t\t\t<div class=\"elementor-element elementor-element-3922ef2 elementor-widget elementor-widget-heading\" data-id=\"3922ef2\" data-element_type=\"widget\" data-e-type=\"widget\" data-widget_type=\"heading.default\">\n\t\t\t\t\t<h3 class=\"elementor-heading-title elementor-size-default\">What do we do?<\/h3>\t\t\t\t<\/div>\n\t\t\t\t<div class=\"elementor-element elementor-element-282126a elementor-widget elementor-widget-text-editor\" data-id=\"282126a\" data-element_type=\"widget\" data-e-type=\"widget\" data-widget_type=\"text-editor.default\">\n\t\t\t\t\t\t\t\t\t<p>We organize trainings, events, collaboration networks and disseminate technical content to strengthen competencies and opportunities.<\/p>\t\t\t\t\t\t\t\t<\/div>\n\t\t\t\t<\/div>\n\t\t<div class=\"elementor-element elementor-element-dbb29a0 e-con-full e-flex e-con e-child\" data-id=\"dbb29a0\" data-element_type=\"container\" data-e-type=\"container\">\n\t\t\t\t<div class=\"elementor-element elementor-element-9ded4ba elementor-widget elementor-widget-image\" data-id=\"9ded4ba\" data-element_type=\"widget\" data-e-type=\"widget\" data-widget_type=\"image.default\">\n\t\t\t\t\t\t\t\t\t\t\t\t\t\t\t<img decoding=\"async\" width=\"300\" height=\"164\" src=\"https:\/\/acibes.com\/wp-content\/uploads\/2026\/03\/Por-que-importa-300x164.png\" class=\"attachment-medium size-medium wp-image-160\" alt=\"\" srcset=\"https:\/\/acibes.com\/wp-content\/uploads\/2026\/03\/Por-que-importa-300x164.png 300w, https:\/\/acibes.com\/wp-content\/uploads\/2026\/03\/Por-que-importa-1024x559.png 1024w, https:\/\/acibes.com\/wp-content\/uploads\/2026\/03\/Por-que-importa-768x419.png 768w, https:\/\/acibes.com\/wp-content\/uploads\/2026\/03\/Por-que-importa-1536x838.png 1536w, https:\/\/acibes.com\/wp-content\/uploads\/2026\/03\/Por-que-importa-2048x1117.png 2048w, https:\/\/acibes.com\/wp-content\/uploads\/2026\/03\/Por-que-importa-600x327.png 600w\" sizes=\"(max-width: 300px) 100vw, 300px\" \/>\t\t\t\t\t\t\t\t\t\t\t\t\t\t\t<\/div>\n\t\t\t\t<div class=\"elementor-element elementor-element-a0461e4 elementor-widget elementor-widget-heading\" data-id=\"a0461e4\" data-element_type=\"widget\" data-e-type=\"widget\" data-widget_type=\"heading.default\">\n\t\t\t\t\t<h3 class=\"elementor-heading-title elementor-size-default\">Why does it matter?<\/h3>\t\t\t\t<\/div>\n\t\t\t\t<div class=\"elementor-element elementor-element-c17a1e8 elementor-widget elementor-widget-text-editor\" data-id=\"c17a1e8\" data-element_type=\"widget\" data-e-type=\"widget\" data-widget_type=\"text-editor.default\">\n\t\t\t\t\t\t\t\t\t<p>We promote best practices, greater professionalization and a technical voice of the guild on issues of technology and innovation in healthcare.<\/p>\t\t\t\t\t\t\t\t<\/div>\n\t\t\t\t<\/div>\n\t\t\t\t\t<\/div>\n\t\t\t\t<\/div>\n\t\t<div class=\"elementor-element elementor-element-a91145b e-flex e-con-boxed e-con e-parent\" data-id=\"a91145b\" data-element_type=\"container\" data-e-type=\"container\" data-settings=\"{&quot;background_background&quot;:&quot;classic&quot;}\">\n\t\t\t\t\t<div class=\"e-con-inner\">\n\t\t<div class=\"elementor-element elementor-element-0d76ff7 e-grid e-con-full e-con e-child\" data-id=\"0d76ff7\" data-element_type=\"container\" data-e-type=\"container\">\n\t\t\t\t<div class=\"elementor-element elementor-element-e7d6f54 elementor-widget elementor-widget-heading\" data-id=\"e7d6f54\" data-element_type=\"widget\" data-e-type=\"widget\" data-widget_type=\"heading.default\">\n\t\t\t\t\t<h1 class=\"elementor-heading-title elementor-size-default\">Forums<\/h1>\t\t\t\t<\/div>\n\t\t\t\t<div class=\"elementor-element elementor-element-a984fa8 elementor-align-right elementor-mobile-align-center elementor-widget elementor-widget-button\" data-id=\"a984fa8\" data-element_type=\"widget\" data-e-type=\"widget\" data-widget_type=\"button.default\">\n\t\t\t\t\t\t\t\t\t\t<a class=\"elementor-button elementor-button-link elementor-size-sm\" href=\"#\">\n\t\t\t\t\t\t<span class=\"elementor-button-content-wrapper\">\n\t\t\t\t\t\t\t\t\t<span class=\"elementor-button-text\">Explore more<\/span>\n\t\t\t\t\t<\/span>\n\t\t\t\t\t<\/a>\n\t\t\t\t\t\t\t\t<\/div>\n\t\t\t\t<\/div>\n\t\t<div class=\"elementor-element elementor-element-e220030 e-grid e-con-full e-con e-child\" data-id=\"e220030\" data-element_type=\"container\" data-e-type=\"container\">\n\t\t<div class=\"elementor-element elementor-element-96f5325 e-con-full e-flex e-con e-child\" data-id=\"96f5325\" data-element_type=\"container\" data-e-type=\"container\" data-settings=\"{&quot;background_background&quot;:&quot;classic&quot;}\">\n\t\t\t\t<div class=\"elementor-element elementor-element-b151492 elementor-widget elementor-widget-video\" data-id=\"b151492\" data-element_type=\"widget\" data-e-type=\"widget\" data-settings=\"{&quot;youtube_url&quot;:&quot;https:\\\/\\\/www.youtube.com\\\/watch?v=Lkq_E_IYvvE&amp;t=448s&quot;,&quot;video_type&quot;:&quot;youtube&quot;,&quot;controls&quot;:&quot;yes&quot;}\" data-widget_type=\"video.default\">\n\t\t\t\t\t\t\t<div class=\"elementor-wrapper elementor-open-inline\">\n\t\t\t<div class=\"elementor-video\"><\/div>\t\t<\/div>\n\t\t\t\t\t\t<\/div>\n\t\t\t\t<div class=\"elementor-element elementor-element-227dde3 elementor-widget elementor-widget-heading\" data-id=\"227dde3\" data-element_type=\"widget\" data-e-type=\"widget\" data-widget_type=\"heading.default\">\n\t\t\t\t\t<h3 class=\"elementor-heading-title elementor-size-default\">BIOMEDICAL ENGINEERING | THE ENGINEERING OF THE FUTURE<\/h3>\t\t\t\t<\/div>\n\t\t\t\t<\/div>\n\t\t<div class=\"elementor-element elementor-element-a3bd407 e-con-full e-flex e-con e-child\" data-id=\"a3bd407\" data-element_type=\"container\" data-e-type=\"container\" data-settings=\"{&quot;background_background&quot;:&quot;classic&quot;}\">\n\t\t\t\t<div class=\"elementor-element elementor-element-faa843b elementor-widget elementor-widget-video\" data-id=\"faa843b\" data-element_type=\"widget\" data-e-type=\"widget\" data-settings=\"{&quot;youtube_url&quot;:&quot;https:\\\/\\\/www.youtube.com\\\/watch?v=nCkZ4jGcF_0&quot;,&quot;video_type&quot;:&quot;youtube&quot;,&quot;controls&quot;:&quot;yes&quot;}\" data-widget_type=\"video.default\">\n\t\t\t\t\t\t\t<div class=\"elementor-wrapper elementor-open-inline\">\n\t\t\t<div class=\"elementor-video\"><\/div>\t\t<\/div>\n\t\t\t\t\t\t<\/div>\n\t\t\t\t<div class=\"elementor-element elementor-element-734ca1f elementor-widget elementor-widget-heading\" data-id=\"734ca1f\" data-element_type=\"widget\" data-e-type=\"widget\" data-widget_type=\"heading.default\">\n\t\t\t\t\t<h3 class=\"elementor-heading-title elementor-size-default\">What is Biomedical Engineering?<\/h3>\t\t\t\t<\/div>\n\t\t\t\t<\/div>\n\t\t<div class=\"elementor-element elementor-element-81bbe4e e-con-full e-flex e-con e-child\" data-id=\"81bbe4e\" data-element_type=\"container\" data-e-type=\"container\" data-settings=\"{&quot;background_background&quot;:&quot;classic&quot;}\">\n\t\t\t\t<div class=\"elementor-element elementor-element-1eb8e8c elementor-widget elementor-widget-video\" data-id=\"1eb8e8c\" data-element_type=\"widget\" data-e-type=\"widget\" data-settings=\"{&quot;youtube_url&quot;:&quot;https:\\\/\\\/www.youtube.com\\\/watch?v=K65zFudMxm4&quot;,&quot;video_type&quot;:&quot;youtube&quot;,&quot;controls&quot;:&quot;yes&quot;}\" data-widget_type=\"video.default\">\n\t\t\t\t\t\t\t<div class=\"elementor-wrapper elementor-open-inline\">\n\t\t\t<div class=\"elementor-video\"><\/div>\t\t<\/div>\n\t\t\t\t\t\t<\/div>\n\t\t\t\t<div class=\"elementor-element elementor-element-797d45b elementor-widget elementor-widget-heading\" data-id=\"797d45b\" data-element_type=\"widget\" data-e-type=\"widget\" data-widget_type=\"heading.default\">\n\t\t\t\t\t<h3 class=\"elementor-heading-title elementor-size-default\">7 CURIOUS BIOMEDICINE FACTS<\/h3>\t\t\t\t<\/div>\n\t\t\t\t<\/div>\n\t\t\t\t<\/div>\n\t\t\t\t<div class=\"elementor-element elementor-element-b61170d elementor-widget elementor-widget-spacer\" data-id=\"b61170d\" data-element_type=\"widget\" data-e-type=\"widget\" data-widget_type=\"spacer.default\">\n\t\t\t\t\t\t\t<div class=\"elementor-spacer\">\n\t\t\t<div class=\"elementor-spacer-inner\"><\/div>\n\t\t<\/div>\n\t\t\t\t\t\t<\/div>\n\t\t\t\t\t<\/div>\n\t\t\t\t<\/div>\n\t\t\t\t<\/div>","protected":false},"excerpt":{"rendered":"<p>Nosotros ACIBES es la Asociaci\u00f3n Colegio de Ingenier\u00eda Biom\u00e9dica de El Salvador.Impulsamos el desarrollo del gremio a trav\u00e9s de formaci\u00f3n [&hellip;]<\/p>\n","protected":false},"author":1,"featured_media":0,"parent":0,"menu_order":0,"comment_status":"closed","ping_status":"closed","template":"","meta":{"site-sidebar-layout":"no-sidebar","site-content-layout":"","ast-site-content-layout":"full-width-container","site-content-style":"default","site-sidebar-style":"default","ast-global-header-display":"","ast-banner-title-visibility":"","ast-main-header-display":"","ast-hfb-above-header-display":"","ast-hfb-below-header-display":"","ast-hfb-mobile-header-display":"","site-post-title":"disabled","ast-breadcrumbs-content":"","ast-featured-img":"disabled","footer-sml-layout":"","ast-disable-related-posts":"","theme-transparent-header-meta":"","adv-header-id-meta":"","stick-header-meta":"","header-above-stick-meta":"","header-main-stick-meta":"","header-below-stick-meta":"","astra-migrate-meta-layouts":"default","ast-page-background-enabled":"default","ast-page-background-meta":{"desktop":{"background-color":"var(--ast-global-color-5)","background-image":"","background-repeat":"repeat","background-position":"center center","background-size":"auto","background-attachment":"scroll","background-type":"","background-media":"","overlay-type":"","overlay-color":"","overlay-opacity":"","overlay-gradient":""},"tablet":{"background-color":"","background-image":"","background-repeat":"repeat","background-position":"center center","background-size":"auto","background-attachment":"scroll","background-type":"","background-media":"","overlay-type":"","overlay-color":"","overlay-opacity":"","overlay-gradient":""},"mobile":{"background-color":"","background-image":"","background-repeat":"repeat","background-position":"center center","background-size":"auto","background-attachment":"scroll","background-type":"","background-media":"","overlay-type":"","overlay-color":"","overlay-opacity":"","overlay-gradient":""}},"ast-content-background-meta":{"desktop":{"background-color":"var(--ast-global-color-4)","background-image":"","background-repeat":"repeat","background-position":"center center","background-size":"auto","background-attachment":"scroll","background-type":"","background-media":"","overlay-type":"","overlay-color":"","overlay-opacity":"","overlay-gradient":""},"tablet":{"background-color":"var(--ast-global-color-4)","background-image":"","background-repeat":"repeat","background-position":"center center","background-size":"auto","background-attachment":"scroll","background-type":"","background-media":"","overlay-type":"","overlay-color":"","overlay-opacity":"","overlay-gradient":""},"mobile":{"background-color":"var(--ast-global-color-4)","background-image":"","background-repeat":"repeat","background-position":"center center","background-size":"auto","background-attachment":"scroll","background-type":"","background-media":"","overlay-type":"","overlay-color":"","overlay-opacity":"","overlay-gradient":""}},"footnotes":""},"class_list":["post-28","page","type-page","status-publish","hentry"],"aioseo_notices":[],"_hostinger_reach_plugin_has_subscription_block":false,"_hostinger_reach_plugin_is_elementor":false,"_links":{"self":[{"href":"https:\/\/acibes.com\/en\/wp-json\/wp\/v2\/pages\/28","targetHints":{"allow":["GET"]}}],"collection":[{"href":"https:\/\/acibes.com\/en\/wp-json\/wp\/v2\/pages"}],"about":[{"href":"https:\/\/acibes.com\/en\/wp-json\/wp\/v2\/types\/page"}],"author":[{"embeddable":true,"href":"https:\/\/acibes.com\/en\/wp-json\/wp\/v2\/users\/1"}],"replies":[{"embeddable":true,"href":"https:\/\/acibes.com\/en\/wp-json\/wp\/v2\/comments?post=28"}],"version-history":[{"count":176,"href":"https:\/\/acibes.com\/en\/wp-json\/wp\/v2\/pages\/28\/revisions"}],"predecessor-version":[{"id":415,"href":"https:\/\/acibes.com\/en\/wp-json\/wp\/v2\/pages\/28\/revisions\/415"}],"wp:attachment":[{"href":"https:\/\/acibes.com\/en\/wp-json\/wp\/v2\/media?parent=28"}],"curies":[{"name":"wp","href":"https:\/\/api.w.org\/{rel}","templated":true}]}}